{"id":12087,"date":"2023-08-19T13:44:41","date_gmt":"2023-08-19T13:44:41","guid":{"rendered":"https:\/\/nzdd.de\/?page_id=12087"},"modified":"2024-06-21T20:25:08","modified_gmt":"2024-06-21T20:25:08","slug":"narrenfiguren","status":"publish","type":"page","link":"https:\/\/nzdd.de\/?page_id=12087","title":{"rendered":"Narrenfiguren"},"content":{"rendered":"\t\t<div data-elementor-type=\"wp-page\" data-elementor-id=\"12087\" class=\"elementor elementor-12087\">\n\t\t\t\t\t\t<section class=\"elementor-section elementor-top-section elementor-element elementor-element-5a1b6f9 elementor-section-boxed elementor-section-height-default elementor-section-height-default\" data-id=\"5a1b6f9\" data-element_type=\"section\" data-e-type=\"section\">\n\t\t\t\t\t\t<div class=\"elementor-container elementor-column-gap-default\">\n\t\t\t\t\t<div class=\"elementor-column elementor-col-100 elementor-top-column elementor-element elementor-element-cb975b0\" data-id=\"cb975b0\" data-element_type=\"column\" data-e-type=\"column\">\n\t\t\t<div class=\"elementor-widget-wrap elementor-element-populated\">\n\t\t\t\t\t\t<section class=\"elementor-section elementor-inner-section elementor-element elementor-element-1700f67 elementor-section-boxed elementor-section-height-default elementor-section-height-default\" data-id=\"1700f67\" data-element_type=\"section\" data-e-type=\"section\">\n\t\t\t\t\t\t<div class=\"elementor-container elementor-column-gap-default\">\n\t\t\t\t\t<div class=\"elementor-column elementor-col-66 elementor-inner-column elementor-element elementor-element-996748c\" data-id=\"996748c\" data-element_type=\"column\" data-e-type=\"column\">\n\t\t\t<div class=\"elementor-widget-wrap elementor-element-populated\">\n\t\t\t\t\t\t<div class=\"elementor-element elementor-element-be6be68 elementor-widget elementor-widget-text-editor\" data-id=\"be6be68\" data-element_type=\"widget\" data-e-type=\"widget\" data-widget_type=\"text-editor.default\">\n\t\t\t\t<div class=\"elementor-widget-container\">\n\t\t\t\t\t\t\t\t\t<h2><b>Der K\u00f6hlergeist<\/b><\/h2><p>Der K\u00f6hlergeist stellt einen gutm\u00fctigen Geist dar. Gem\u00e4\u00df der Grundidee ist der Gesamteindruck gutm\u00fctig, m\u00e4chtig, hilfsbereit und urig. Die Holzmaske ist stammig, das hei\u00dft lang gezogen, sodass sie an einen Baumstamm erinnert, also an das Grundmaterial der K\u00f6hler. Die Einzelheiten entsprechen ganz der Grundidee: Urige, wurzelartige Augenbrauen, markante Backenknochen, gro\u00dfe, weit blickende Augen, sinnliche Nase mit gro\u00dfen, weit ge\u00f6ffneten Nasenl\u00f6chern, bl\u00e4tterartige, aufmerksame Ohren, die stark geschwungene, jedoch klar gezogene, m\u00e4chtige Oberlippe deutet auf enorme geistige F\u00e4higkeit hin. Die Unterlippe tritt stark zur\u00fcck, deutet jedoch auf abrindende, erg\u00e4nzende Sinnlichkeit hin.<\/p><p>Das \u00fcberbreite Durchsetzerkinn betont ebenfalls die Macht des Helfergeistes und ist mit einem langen Bart geschm\u00fcckt.<\/p><p>Die Gestalt ist \u00fcbermannsgro\u00df und\u00a0tr\u00e4gt ein gro\u00dfes, wallendes Gewand, das so bemalt ist, als ob der K\u00f6hlergeist in einem Kohlenmeiler steht, und der gro\u00dfe, ausdrucksvolle Kopf dem st\u00e4ndig rauchenden und qualmenden Meiler entsteigt.<\/p><p>Am Kleid sind Holzglocken angebracht, die beim treiben den Geist unterst\u00fctzen.<\/p>\t\t\t\t\t\t\t\t<\/div>\n\t\t\t\t<\/div>\n\t\t\t\t\t<\/div>\n\t\t<\/div>\n\t\t\t\t<div class=\"elementor-column elementor-col-33 elementor-inner-column elementor-element elementor-element-4723076\" data-id=\"4723076\" data-element_type=\"column\" data-e-type=\"column\">\n\t\t\t<div class=\"elementor-widget-wrap elementor-element-populated\">\n\t\t\t\t\t\t<div class=\"elementor-element elementor-element-d42b995 elementor-widget elementor-widget-image\" data-id=\"d42b995\" data-element_type=\"widget\" data-e-type=\"widget\" data-widget_type=\"image.default\">\n\t\t\t\t<div class=\"elementor-widget-container\">\n\t\t\t\t\t\t\t\t\t\t\t\t\t\t\t<img fetchpriority=\"high\" decoding=\"async\" width=\"768\" height=\"1024\" src=\"https:\/\/nzdd.de\/wp-content\/uploads\/2024\/06\/image00282-768x1024.jpeg\" class=\"attachment-large size-large wp-image-12489\" alt=\"\" srcset=\"https:\/\/nzdd.de\/wp-content\/uploads\/2024\/06\/image00282-768x1024.jpeg 768w, https:\/\/nzdd.de\/wp-content\/uploads\/2024\/06\/image00282-225x300.jpeg 225w, https:\/\/nzdd.de\/wp-content\/uploads\/2024\/06\/image00282-1152x1536.jpeg 1152w, https:\/\/nzdd.de\/wp-content\/uploads\/2024\/06\/image00282-1536x2048.jpeg 1536w, https:\/\/nzdd.de\/wp-content\/uploads\/2024\/06\/image00282-scaled.jpeg 1920w\" sizes=\"(max-width: 768px) 100vw, 768px\" \/>\t\t\t\t\t\t\t\t\t\t\t\t\t\t\t<\/div>\n\t\t\t\t<\/div>\n\t\t\t\t\t<\/div>\n\t\t<\/div>\n\t\t\t\t\t<\/div>\n\t\t<\/section>\n\t\t\t\t\t<\/div>\n\t\t<\/div>\n\t\t\t\t\t<\/div>\n\t\t<\/section>\n\t\t\t\t<section class=\"elementor-section elementor-top-section elementor-element elementor-element-f7bcc37 elementor-section-boxed elementor-section-height-default elementor-section-height-default\" data-id=\"f7bcc37\" data-element_type=\"section\" data-e-type=\"section\">\n\t\t\t\t\t\t<div class=\"elementor-container elementor-column-gap-default\">\n\t\t\t\t\t<div class=\"elementor-column elementor-col-100 elementor-top-column elementor-element elementor-element-c9e55f5\" data-id=\"c9e55f5\" data-element_type=\"column\" data-e-type=\"column\">\n\t\t\t<div class=\"elementor-widget-wrap elementor-element-populated\">\n\t\t\t\t\t\t<section class=\"elementor-section elementor-inner-section elementor-element elementor-element-2511f5e elementor-section-boxed elementor-section-height-default elementor-section-height-default\" data-id=\"2511f5e\" data-element_type=\"section\" data-e-type=\"section\">\n\t\t\t\t\t\t<div class=\"elementor-container elementor-column-gap-default\">\n\t\t\t\t\t<div class=\"elementor-column elementor-col-33 elementor-inner-column elementor-element elementor-element-8b44360\" data-id=\"8b44360\" data-element_type=\"column\" data-e-type=\"column\">\n\t\t\t<div class=\"elementor-widget-wrap elementor-element-populated\">\n\t\t\t\t\t\t<div class=\"elementor-element elementor-element-9a5b05a elementor-widget elementor-widget-image\" data-id=\"9a5b05a\" data-element_type=\"widget\" data-e-type=\"widget\" data-widget_type=\"image.default\">\n\t\t\t\t<div class=\"elementor-widget-container\">\n\t\t\t\t\t\t\t\t\t\t\t\t\t\t\t<img decoding=\"async\" width=\"768\" height=\"1024\" src=\"https:\/\/nzdd.de\/wp-content\/uploads\/2024\/06\/image00167-768x1024.jpeg\" class=\"attachment-large size-large wp-image-12490\" alt=\"\" srcset=\"https:\/\/nzdd.de\/wp-content\/uploads\/2024\/06\/image00167-768x1024.jpeg 768w, https:\/\/nzdd.de\/wp-content\/uploads\/2024\/06\/image00167-225x300.jpeg 225w, https:\/\/nzdd.de\/wp-content\/uploads\/2024\/06\/image00167-1152x1536.jpeg 1152w, https:\/\/nzdd.de\/wp-content\/uploads\/2024\/06\/image00167-1536x2048.jpeg 1536w, https:\/\/nzdd.de\/wp-content\/uploads\/2024\/06\/image00167-scaled.jpeg 1920w\" sizes=\"(max-width: 768px) 100vw, 768px\" \/>\t\t\t\t\t\t\t\t\t\t\t\t\t\t\t<\/div>\n\t\t\t\t<\/div>\n\t\t\t\t\t<\/div>\n\t\t<\/div>\n\t\t\t\t<div class=\"elementor-column elementor-col-66 elementor-inner-column elementor-element elementor-element-f574756\" data-id=\"f574756\" data-element_type=\"column\" data-e-type=\"column\">\n\t\t\t<div class=\"elementor-widget-wrap elementor-element-populated\">\n\t\t\t\t\t\t<div class=\"elementor-element elementor-element-a0effa7 elementor-widget elementor-widget-text-editor\" data-id=\"a0effa7\" data-element_type=\"widget\" data-e-type=\"widget\" data-widget_type=\"text-editor.default\">\n\t\t\t\t<div class=\"elementor-widget-container\">\n\t\t\t\t\t\t\t\t\t<h2><strong>Der K\u00f6hlernarr<\/strong><\/h2><p>Aus dem Heimatbuch\u00a0 \u201eAlbbilder\u201c\u00a0 von Dr. Als. Aich, der vor rund 60 Jahren Ortspfarrer in Deilingen-Delkhofen war ist \u00fcberliefert:<\/p><p>Die fr\u00fchen Rottweiler Gerichtsakten benennen den Heuberg als Blocks- und Hexenberg. Um \u201eBohl\u201c und \u201eMonschenloch\u201c hielten die b\u00f6sen Weiber, die man nie alle verbrennen konnte, in gro\u00dfer Zahl Zusammenk\u00fcnfte mit Belzebub. Lachende und scherzende, frohe Menschen an Fastnacht, die schon am schmotzigen Donnerstag in der Vorfastenzeit begann, konnten mit typischen Holzmasken und Schellen (Narrentyp der rottweiler Gegenden) den Hexenspuk hier auf ein weiteres Jahr bannen, so unter anderem die \u201eK\u00f6hlergeister am Bohl\u201c.<\/p><p>Die Narrenzunft hat 1968 hieraus den K\u00f6hlernarren geschaffen. Das H\u00e4s des K\u00f6hlernarren ist aus steingrauem Leinenstoff und mit verschiedenen Motiven bemalt. Auf der Vorderseite sind der K\u00f6hler und seine Frau abgebildet und auf der R\u00fcckseite sind ein Kohlenmeiler und Tiermotive aufgemalt. Die Axt, die der K\u00f6hlernarr mit sich f\u00fchrt, symbolisiert das zur Verrichtung der Arbeit erforderliche Werkzeug. Die Schellen sind an vier Trageriemen angebracht und sollen die Hexen vertreiben. Die Maske ist aus Holz und stellt das ru\u00dfgeschw\u00e4rzte Gesicht des K\u00f6hlers dar, dessen Gesichtsz\u00fcge den derben Menschenschlag wiedergeben. Ein kleines, aus Pelz gefertigtes schwarz-graues K\u00e4ppchen wird als Kopfputz getragen.<\/p>\t\t\t\t\t\t\t\t<\/div>\n\t\t\t\t<\/div>\n\t\t\t\t\t<\/div>\n\t\t<\/div>\n\t\t\t\t\t<\/div>\n\t\t<\/section>\n\t\t\t\t\t<\/div>\n\t\t<\/div>\n\t\t\t\t\t<\/div>\n\t\t<\/section>\n\t\t\t\t<section class=\"elementor-section elementor-top-section elementor-element elementor-element-8b87ccd elementor-section-boxed elementor-section-height-default elementor-section-height-default\" data-id=\"8b87ccd\" data-element_type=\"section\" data-e-type=\"section\">\n\t\t\t\t\t\t<div class=\"elementor-container elementor-column-gap-default\">\n\t\t\t\t\t<div class=\"elementor-column elementor-col-100 elementor-top-column elementor-element elementor-element-e01d3a8\" data-id=\"e01d3a8\" data-element_type=\"column\" data-e-type=\"column\">\n\t\t\t<div class=\"elementor-widget-wrap elementor-element-populated\">\n\t\t\t\t\t\t<section class=\"elementor-section elementor-inner-section elementor-element elementor-element-6e0a6bf elementor-section-boxed elementor-section-height-default elementor-section-height-default\" data-id=\"6e0a6bf\" data-element_type=\"section\" data-e-type=\"section\">\n\t\t\t\t\t\t<div class=\"elementor-container elementor-column-gap-default\">\n\t\t\t\t\t<div class=\"elementor-column elementor-col-66 elementor-inner-column elementor-element elementor-element-4cf8128\" data-id=\"4cf8128\" data-element_type=\"column\" data-e-type=\"column\">\n\t\t\t<div class=\"elementor-widget-wrap elementor-element-populated\">\n\t\t\t\t\t\t<div class=\"elementor-element elementor-element-8e3f3e9 elementor-widget elementor-widget-text-editor\" data-id=\"8e3f3e9\" data-element_type=\"widget\" data-e-type=\"widget\" data-widget_type=\"text-editor.default\">\n\t\t\t\t<div class=\"elementor-widget-container\">\n\t\t\t\t\t\t\t\t\t<h2><strong>Die K\u00f6hlergret<\/strong><\/h2><p>Die K\u00f6hlergret stellt die Frau des K\u00f6hlers das. Die Stickerei auf ihrem J\u00e4ckchen stellt ihre T\u00e4tigkeit als Sammlerin von Pilzen, Beeren, Kr\u00e4utern, Heilpflanzen und N\u00fcssen dar. Die Kette dieser Fr\u00fcchte verl\u00e4uft \u00fcber die Schultern bis auf den R\u00fccken, auf dem sich das Gemeindewappen befindet. Unter diesem J\u00e4ckchen tr\u00e4gt sie eine rote Bluse. Auf dem R\u00fccken tr\u00e4gt sie einen kleinen geflochtenen Korb.<\/p><p>Auf der Vorderseite ihres Rockes ist die bunte Vielfalt des Waldes mit seinen Tieren und Pflanzen dargestellt. Die Malerei auf der R\u00fcckseite des Rockes weist auf die schwere Arbeit des K\u00f6hlers hin. In der Hand h\u00e4lt die K\u00f6hlergret einen h\u00f6lzernen Pilz. Dazu tr\u00e4gt die K\u00f6hlergret blaue Handschuhe und blaue Str\u00fcmpfe.<\/p><p>Ihre Larve zeigt eine Frau im gesetzten Alter. Der Gesichtsausdruck ist freundlich, aber auch vom harten Leben im Wald gezeichnet. Dennoch wirkt ihr Gesichtsausdruck zufrieden.<\/p>\t\t\t\t\t\t\t\t<\/div>\n\t\t\t\t<\/div>\n\t\t\t\t\t<\/div>\n\t\t<\/div>\n\t\t\t\t<div class=\"elementor-column elementor-col-33 elementor-inner-column elementor-element elementor-element-5abd6ca\" data-id=\"5abd6ca\" data-element_type=\"column\" data-e-type=\"column\">\n\t\t\t<div class=\"elementor-widget-wrap elementor-element-populated\">\n\t\t\t\t\t\t<div class=\"elementor-element elementor-element-cd2d1a8 elementor-widget elementor-widget-image\" data-id=\"cd2d1a8\" data-element_type=\"widget\" data-e-type=\"widget\" data-widget_type=\"image.default\">\n\t\t\t\t<div class=\"elementor-widget-container\">\n\t\t\t\t\t\t\t\t\t\t\t\t\t\t\t<img decoding=\"async\" width=\"768\" height=\"1024\" src=\"https:\/\/nzdd.de\/wp-content\/uploads\/2024\/06\/image00461-768x1024.jpeg\" class=\"attachment-large size-large wp-image-12488\" alt=\"\" srcset=\"https:\/\/nzdd.de\/wp-content\/uploads\/2024\/06\/image00461-768x1024.jpeg 768w, https:\/\/nzdd.de\/wp-content\/uploads\/2024\/06\/image00461-225x300.jpeg 225w, https:\/\/nzdd.de\/wp-content\/uploads\/2024\/06\/image00461-1152x1536.jpeg 1152w, https:\/\/nzdd.de\/wp-content\/uploads\/2024\/06\/image00461-1536x2048.jpeg 1536w, https:\/\/nzdd.de\/wp-content\/uploads\/2024\/06\/image00461-scaled.jpeg 1920w\" sizes=\"(max-width: 768px) 100vw, 768px\" \/>\t\t\t\t\t\t\t\t\t\t\t\t\t\t\t<\/div>\n\t\t\t\t<\/div>\n\t\t\t\t\t<\/div>\n\t\t<\/div>\n\t\t\t\t\t<\/div>\n\t\t<\/section>\n\t\t\t\t\t<\/div>\n\t\t<\/div>\n\t\t\t\t\t<\/div>\n\t\t<\/section>\n\t\t\t\t<\/div>\n\t\t","protected":false},"excerpt":{"rendered":"<p>Der K\u00f6hlergeist Der K\u00f6hlergeist stellt einen gutm\u00fctigen Geist dar. Gem\u00e4\u00df&hellip;<\/p>\n<p> <a class=\"more-link\" href=\"https:\/\/nzdd.de\/?page_id=12087\">Weiterlesen<\/a><\/p>\n","protected":false},"author":1,"featured_media":0,"parent":0,"menu_order":0,"comment_status":"closed","ping_status":"closed","template":"","meta":{"footnotes":""},"class_list":["post-12087","page","type-page","status-publish"],"_links":{"self":[{"href":"https:\/\/nzdd.de\/index.php?rest_route=\/wp\/v2\/pages\/12087"}],"collection":[{"href":"https:\/\/nzdd.de\/index.php?rest_route=\/wp\/v2\/pages"}],"about":[{"href":"https:\/\/nzdd.de\/index.php?rest_route=\/wp\/v2\/types\/page"}],"author":[{"embeddable":true,"href":"https:\/\/nzdd.de\/index.php?rest_route=\/wp\/v2\/users\/1"}],"replies":[{"embeddable":true,"href":"https:\/\/nzdd.de\/index.php?rest_route=%2Fwp%2Fv2%2Fcomments&post=12087"}],"version-history":[{"count":10,"href":"https:\/\/nzdd.de\/index.php?rest_route=\/wp\/v2\/pages\/12087\/revisions"}],"predecessor-version":[{"id":12505,"href":"https:\/\/nzdd.de\/index.php?rest_route=\/wp\/v2\/pages\/12087\/revisions\/12505"}],"wp:attachment":[{"href":"https:\/\/nzdd.de\/index.php?rest_route=%2Fwp%2Fv2%2Fmedia&parent=12087"}],"curies":[{"name":"wp","href":"https:\/\/api.w.org\/{rel}","templated":true}]}}