{"id":12546,"date":"2024-11-09T08:47:00","date_gmt":"2024-11-09T08:47:00","guid":{"rendered":"https:\/\/nzdd.de\/?page_id=12546"},"modified":"2024-11-09T08:56:00","modified_gmt":"2024-11-09T08:56:00","slug":"mitgliedsantraege","status":"publish","type":"page","link":"https:\/\/nzdd.de\/?page_id=12546","title":{"rendered":"Mitgliedsantr\u00e4ge"},"content":{"rendered":"\t\t<div data-elementor-type=\"wp-page\" data-elementor-id=\"12546\" class=\"elementor elementor-12546\">\n\t\t\t\t\t\t<section class=\"elementor-section elementor-top-section elementor-element elementor-element-6d13c7c elementor-section-boxed elementor-section-height-default elementor-section-height-default\" data-id=\"6d13c7c\" data-element_type=\"section\" data-e-type=\"section\">\n\t\t\t\t\t\t<div class=\"elementor-container elementor-column-gap-default\">\n\t\t\t\t\t<div class=\"elementor-column elementor-col-33 elementor-top-column elementor-element elementor-element-c2c22f5\" data-id=\"c2c22f5\" data-element_type=\"column\" data-e-type=\"column\">\n\t\t\t<div class=\"elementor-widget-wrap elementor-element-populated\">\n\t\t\t\t\t\t<div class=\"elementor-element elementor-element-f8833a0 elementor-widget elementor-widget-image\" data-id=\"f8833a0\" data-element_type=\"widget\" data-e-type=\"widget\" data-widget_type=\"image.default\">\n\t\t\t\t<div class=\"elementor-widget-container\">\n\t\t\t\t\t\t\t\t\t\t\t\t\t\t\t\t<a href=\"https:\/\/nzdd.de\/wp-content\/uploads\/2024\/11\/Mitgliedsantrag-volljaehrig.pdf\" target=\"_blank\">\n\t\t\t\t\t\t\t<img decoding=\"async\" src=\"https:\/\/nzdd.de\/wp-content\/uploads\/elementor\/thumbs\/file-invoice-solid-qpowr45hafta1i569dnil6n5zy8868dhij32vkttda.png\" title=\"file-invoice-solid\" alt=\"file-invoice-solid\" loading=\"lazy\" \/>\t\t\t\t\t\t\t\t<\/a>\n\t\t\t\t\t\t\t\t\t\t\t\t\t\t\t<\/div>\n\t\t\t\t<\/div>\n\t\t\t\t<div class=\"elementor-element elementor-element-881f2b8 elementor-widget elementor-widget-text-editor\" data-id=\"881f2b8\" data-element_type=\"widget\" data-e-type=\"widget\" data-widget_type=\"text-editor.default\">\n\t\t\t\t<div class=\"elementor-widget-container\">\n\t\t\t\t\t\t\t\t\t<p style=\"text-align: center;\"><a href=\"https:\/\/nzdd.de\/wp-content\/uploads\/2024\/11\/Mitgliedsantrag-volljaehrig.pdf\" data-wplink-edit=\"true\">Mitgliedsantrag vollj\u00e4hrig<\/a><\/p>\t\t\t\t\t\t\t\t<\/div>\n\t\t\t\t<\/div>\n\t\t\t\t\t<\/div>\n\t\t<\/div>\n\t\t\t\t<div class=\"elementor-column elementor-col-33 elementor-top-column elementor-element elementor-element-a209c98\" data-id=\"a209c98\" data-element_type=\"column\" data-e-type=\"column\">\n\t\t\t<div class=\"elementor-widget-wrap elementor-element-populated\">\n\t\t\t\t\t\t<div class=\"elementor-element elementor-element-2082016 elementor-widget elementor-widget-image\" data-id=\"2082016\" data-element_type=\"widget\" data-e-type=\"widget\" data-widget_type=\"image.default\">\n\t\t\t\t<div class=\"elementor-widget-container\">\n\t\t\t\t\t\t\t\t\t\t\t\t\t\t\t\t<a href=\"https:\/\/nzdd.de\/wp-content\/uploads\/2024\/11\/Mitgliederantrag_Minderjaehrig-16-bis-18-Jahre-.pdf\" target=\"_blank\">\n\t\t\t\t\t\t\t<img decoding=\"async\" src=\"https:\/\/nzdd.de\/wp-content\/uploads\/elementor\/thumbs\/file-invoice-solid-qpowr45hafta1i569dnil6n5zy8868dhij32vkttda.png\" title=\"file-invoice-solid\" alt=\"file-invoice-solid\" loading=\"lazy\" \/>\t\t\t\t\t\t\t\t<\/a>\n\t\t\t\t\t\t\t\t\t\t\t\t\t\t\t<\/div>\n\t\t\t\t<\/div>\n\t\t\t\t<div class=\"elementor-element elementor-element-d22ff10 elementor-widget elementor-widget-text-editor\" data-id=\"d22ff10\" data-element_type=\"widget\" data-e-type=\"widget\" data-widget_type=\"text-editor.default\">\n\t\t\t\t<div class=\"elementor-widget-container\">\n\t\t\t\t\t\t\t\t\t<p style=\"text-align: center;\"><a href=\"https:\/\/nzdd.de\/wp-content\/uploads\/2024\/11\/Mitgliederantrag_Minderjaehrig-16-bis-18-Jahre-.pdf\">Mitgliederantrag Minderj\u00e4hrig 16 bis 18 Jahre<\/a><\/p>\t\t\t\t\t\t\t\t<\/div>\n\t\t\t\t<\/div>\n\t\t\t\t\t<\/div>\n\t\t<\/div>\n\t\t\t\t<div class=\"elementor-column elementor-col-33 elementor-top-column elementor-element elementor-element-3d62715\" data-id=\"3d62715\" data-element_type=\"column\" data-e-type=\"column\">\n\t\t\t<div class=\"elementor-widget-wrap elementor-element-populated\">\n\t\t\t\t\t\t<div class=\"elementor-element elementor-element-00ddcc4 elementor-widget elementor-widget-image\" data-id=\"00ddcc4\" data-element_type=\"widget\" data-e-type=\"widget\" data-widget_type=\"image.default\">\n\t\t\t\t<div class=\"elementor-widget-container\">\n\t\t\t\t\t\t\t\t\t\t\t\t\t\t\t\t<a href=\"https:\/\/nzdd.de\/wp-content\/uploads\/2024\/11\/Mitgliederantrag-Minderjaehrig-unter-16-Jahre.pdf\" target=\"_blank\">\n\t\t\t\t\t\t\t<img decoding=\"async\" src=\"https:\/\/nzdd.de\/wp-content\/uploads\/elementor\/thumbs\/file-invoice-solid-qpowr45hafta1i569dnil6n5zy8868dhij32vkttda.png\" title=\"file-invoice-solid\" alt=\"file-invoice-solid\" loading=\"lazy\" \/>\t\t\t\t\t\t\t\t<\/a>\n\t\t\t\t\t\t\t\t\t\t\t\t\t\t\t<\/div>\n\t\t\t\t<\/div>\n\t\t\t\t<div class=\"elementor-element elementor-element-e25e19c elementor-widget elementor-widget-text-editor\" data-id=\"e25e19c\" data-element_type=\"widget\" data-e-type=\"widget\" data-widget_type=\"text-editor.default\">\n\t\t\t\t<div class=\"elementor-widget-container\">\n\t\t\t\t\t\t\t\t\t<p style=\"text-align: center;\"><a href=\"https:\/\/nzdd.de\/wp-content\/uploads\/2024\/11\/Mitgliederantrag-Minderjaehrig-unter-16-Jahre.pdf\">Mitgliederantrag Minderj\u00e4hrig unter 16 Jahre<\/a><\/p>\t\t\t\t\t\t\t\t<\/div>\n\t\t\t\t<\/div>\n\t\t\t\t\t<\/div>\n\t\t<\/div>\n\t\t\t\t\t<\/div>\n\t\t<\/section>\n\t\t\t\t<\/div>\n\t\t","protected":false},"excerpt":{"rendered":"<p>Mitgliedsantrag vollj\u00e4hrig Mitgliederantrag Minderj\u00e4hrig 16 bis 18 Jahre Mitgliederantrag Minderj\u00e4hrig&hellip;<\/p>\n<p> <a class=\"more-link\" href=\"https:\/\/nzdd.de\/?page_id=12546\">Weiterlesen<\/a><\/p>\n","protected":false},"author":1,"featured_media":0,"parent":0,"menu_order":0,"comment_status":"closed","ping_status":"closed","template":"","meta":{"footnotes":""},"class_list":["post-12546","page","type-page","status-publish"],"_links":{"self":[{"href":"https:\/\/nzdd.de\/index.php?rest_route=\/wp\/v2\/pages\/12546"}],"collection":[{"href":"https:\/\/nzdd.de\/index.php?rest_route=\/wp\/v2\/pages"}],"about":[{"href":"https:\/\/nzdd.de\/index.php?rest_route=\/wp\/v2\/types\/page"}],"author":[{"embeddable":true,"href":"https:\/\/nzdd.de\/index.php?rest_route=\/wp\/v2\/users\/1"}],"replies":[{"embeddable":true,"href":"https:\/\/nzdd.de\/index.php?rest_route=%2Fwp%2Fv2%2Fcomments&post=12546"}],"version-history":[{"count":10,"href":"https:\/\/nzdd.de\/index.php?rest_route=\/wp\/v2\/pages\/12546\/revisions"}],"predecessor-version":[{"id":12559,"href":"https:\/\/nzdd.de\/index.php?rest_route=\/wp\/v2\/pages\/12546\/revisions\/12559"}],"wp:attachment":[{"href":"https:\/\/nzdd.de\/index.php?rest_route=%2Fwp%2Fv2%2Fmedia&parent=12546"}],"curies":[{"name":"wp","href":"https:\/\/api.w.org\/{rel}","templated":true}]}}